{"id":3127,"date":"2024-01-18T08:14:25","date_gmt":"2024-01-18T08:14:25","guid":{"rendered":"http:\/\/motorxwp.themesflat.com\/?page_id=3127"},"modified":"2026-03-05T07:34:46","modified_gmt":"2026-03-05T06:34:46","slug":"about-us","status":"publish","type":"page","link":"https:\/\/aeropuertoalicanteparking.com\/en\/about-us\/","title":{"rendered":"About Us"},"content":{"rendered":"<div data-elementor-type=\"wp-page\" data-elementor-id=\"3127\" class=\"elementor elementor-3127\" data-elementor-post-type=\"page\">\n\t\t\t\t<div class=\"elementor-element elementor-element-132a233 e-con-full e-flex e-con e-parent\" data-id=\"132a233\" data-element_type=\"container\" data-e-type=\"container\" data-settings=\"{&quot;background_background&quot;:&quot;classic&quot;}\">\n\t\t<div class=\"elementor-element elementor-element-874ff5f e-con-full e-flex e-con e-child\" data-id=\"874ff5f\" data-element_type=\"container\" data-e-type=\"container\" data-settings=\"{&quot;background_background&quot;:&quot;classic&quot;}\">\n\t\t<div class=\"elementor-element elementor-element-e69814e e-con-full e-flex e-con e-child\" data-id=\"e69814e\" data-element_type=\"container\" data-e-type=\"container\">\n\t\t\t\t<div class=\"elementor-element elementor-element-d068a76 elementor-widget elementor-widget-heading\" data-id=\"d068a76\" data-element_type=\"widget\" data-e-type=\"widget\" data-widget_type=\"heading.default\">\n\t\t\t\t\t<h1 class=\"elementor-heading-title elementor-size-default\">About us<\/h1>\t\t\t\t<\/div>\n\t\t\t\t<\/div>\n\t\t<div class=\"elementor-element elementor-element-32a7f00 e-con-full e-flex e-con e-child\" data-id=\"32a7f00\" data-element_type=\"container\" data-e-type=\"container\">\n\t\t\t\t<div class=\"elementor-element elementor-element-c98eb65 elementor-widget elementor-widget-hfe-breadcrumbs-widget\" data-id=\"c98eb65\" data-element_type=\"widget\" data-e-type=\"widget\" data-widget_type=\"hfe-breadcrumbs-widget.default\">\n\t\t\t\t<div class=\"elementor-widget-container\">\n\t\t\t\t\t<nav aria-label=\"Breadcrumb\"><ul class=\"hfe-breadcrumbs hfe-breadcrumbs-show-home\"><li class=\"hfe-breadcrumbs-item hfe-breadcrumbs-first\"><span class=\"hfe-breadcrumbs-home-icon\"><\/span><a href=\"https:\/\/aeropuertoalicanteparking.com\/en\"><span class=\"hfe-breadcrumbs-text\">Home<\/span><\/a><\/li><\/ul><\/nav>\t\t\t\t<\/div>\n\t\t\t\t<\/div>\n\t\t\t\t<\/div>\n\t\t\t\t<\/div>\n\t\t\t\t<\/div>\n\t\t<div class=\"elementor-element elementor-element-745e200 e-con-full e-flex e-con e-parent\" data-id=\"745e200\" data-element_type=\"container\" data-e-type=\"container\">\n\t\t<div class=\"elementor-element elementor-element-eebdd47 e-con-full e-flex e-con e-child\" data-id=\"eebdd47\" data-element_type=\"container\" data-e-type=\"container\">\n\t\t\t\t<div class=\"elementor-element elementor-element-9d0c7b4 elementor-widget-mobile__width-initial elementor-widget elementor-widget-tf-title-section\" data-id=\"9d0c7b4\" data-element_type=\"widget\" data-e-type=\"widget\" data-widget_type=\"tf-title-section.default\">\n\t\t\t\t<div class=\"elementor-widget-container\">\n\t\t\t\t\t<div id=\"tf-title-section-9d0c7b4\" class=\"tf-title-section tf-split-text style1   show-border\" data-tabid=\"9d0c7b4\"> \r\n\t\t\t\t\r\n\t\t\t\t<div class=\"title-section\">\r\n\t\t\t\t\t<div class=\"sub-title\">About Park-King Alicante<\/div>\r\n\t\t\t\t\t<h3 class=\"heading\"  data-splitting>Secure and professional parking near Alicante airport<\/h3>\r\n\t\t\t\t\t\r\n\t\t\t\t<\/div>                \r\n            <\/div>\t\t\t\t<\/div>\n\t\t\t\t<\/div>\n\t\t\t\t<div class=\"elementor-element elementor-element-dc755c6 elementor-widget elementor-widget-text-editor\" data-id=\"dc755c6\" data-element_type=\"widget\" data-e-type=\"widget\" data-widget_type=\"text-editor.default\">\n\t\t\t\t\t\t\t\t\t<p>Bienvenido a <strong>Park-King Alicante<\/strong>, tu parking de confianza para dejar el veh\u00edculo cerca del <a href=\"https:\/\/www.aena.es\/es\/alicante-elche-miguel-hernandez.html\" target=\"_blank\" rel=\"noopener nofollow\">Aeropuerto Alicante-Elche<\/a>. Sabemos lo importante que es tu coche, por eso centramos nuestro servicio en la seguridad, la comodidad y una atenci\u00f3n profesional en todo momento. Tanto si viajas unos d\u00edas como si necesitas una estancia m\u00e1s prolongada, tu veh\u00edculo permanecer\u00e1 protegido mientras t\u00fa viajas con tranquilidad.<\/p>\t\t\t\t\t\t\t\t<\/div>\n\t\t\t\t<div class=\"elementor-element elementor-element-d572582 elementor-widget elementor-widget-button\" data-id=\"d572582\" data-element_type=\"widget\" data-e-type=\"widget\" data-widget_type=\"button.default\">\n\t\t\t\t\t\t\t\t\t\t<a class=\"elementor-button elementor-button-link elementor-size-sm\" href=\"https:\/\/aeropuertoalicanteparking.com\/en\/parking-gallery\/\">\n\t\t\t\t\t\t<span class=\"elementor-button-content-wrapper\">\n\t\t\t\t\t\t\t\t\t<span class=\"elementor-button-text\">View our facilities<\/span>\n\t\t\t\t\t<\/span>\n\t\t\t\t\t<\/a>\n\t\t\t\t\t\t\t\t<\/div>\n\t\t\t\t<\/div>\n\t\t<div class=\"elementor-element elementor-element-bfa4b24 e-con-full e-flex e-con e-child\" data-id=\"bfa4b24\" data-element_type=\"container\" data-e-type=\"container\">\n\t\t\t\t<div class=\"elementor-element elementor-element-5ab61a3 elementor-widget elementor-widget-image\" data-id=\"5ab61a3\" data-element_type=\"widget\" data-e-type=\"widget\" data-widget_type=\"image.default\">\n\t\t\t\t\t\t\t\t\t\t\t\t\t\t\t<img fetchpriority=\"high\" decoding=\"async\" width=\"1408\" height=\"768\" src=\"https:\/\/aeropuertoalicanteparking.com\/wp-content\/uploads\/2026\/01\/Image_fx.jpg\" class=\"attachment-full size-full wp-image-11371\" alt=\"Parking seguro y profesional cerca del aeropuerto de Alicante\" srcset=\"https:\/\/aeropuertoalicanteparking.com\/wp-content\/uploads\/2026\/01\/Image_fx.jpg 1408w, https:\/\/aeropuertoalicanteparking.com\/wp-content\/uploads\/2026\/01\/Image_fx-300x164.jpg 300w, https:\/\/aeropuertoalicanteparking.com\/wp-content\/uploads\/2026\/01\/Image_fx-1024x559.jpg 1024w, https:\/\/aeropuertoalicanteparking.com\/wp-content\/uploads\/2026\/01\/Image_fx-768x419.jpg 768w\" sizes=\"(max-width: 1408px) 100vw, 1408px\" title=\"\">\t\t\t\t\t\t\t\t\t\t\t\t\t\t\t<\/div>\n\t\t\t\t<\/div>\n\t\t\t\t<\/div>\n\t\t<div class=\"elementor-element elementor-element-f3c8583 e-con-full e-flex e-con e-parent\" data-id=\"f3c8583\" data-element_type=\"container\" data-e-type=\"container\" data-settings=\"{&quot;background_background&quot;:&quot;classic&quot;}\">\n\t\t<div class=\"elementor-element elementor-element-f7874a3 e-flex e-con-boxed e-con e-child\" data-id=\"f7874a3\" data-element_type=\"container\" data-e-type=\"container\">\n\t\t\t\t\t<div class=\"e-con-inner\">\n\t\t<div class=\"elementor-element elementor-element-55536aa e-con-full e-flex e-con e-child\" data-id=\"55536aa\" data-element_type=\"container\" data-e-type=\"container\">\n\t\t\t\t<div class=\"elementor-element elementor-element-7367dfa elementor-widget__width-initial elementor-widget-mobile__width-initial elementor-widget elementor-widget-tf-title-section\" data-id=\"7367dfa\" data-element_type=\"widget\" data-e-type=\"widget\" data-widget_type=\"tf-title-section.default\">\n\t\t\t\t<div class=\"elementor-widget-container\">\n\t\t\t\t\t<div id=\"tf-title-section-7367dfa\" class=\"tf-title-section tf-split-text style1   show-border\" data-tabid=\"7367dfa\"> \r\n\t\t\t\t\r\n\t\t\t\t<div class=\"title-section\">\r\n\t\t\t\t\t<div class=\"sub-title\">Why choose us?<\/div>\r\n\t\t\t\t\t<h3 class=\"heading\"  data-splitting>Why choose our parking in Alicante?<\/h3>\r\n\t\t\t\t\t\r\n\t\t\t\t<\/div>                \r\n            <\/div>\t\t\t\t<\/div>\n\t\t\t\t<\/div>\n\t\t\t\t<div class=\"elementor-element elementor-element-5a6948f elementor-widget__width-auto elementor-widget elementor-widget-text-editor\" data-id=\"5a6948f\" data-element_type=\"widget\" data-e-type=\"widget\" data-widget_type=\"text-editor.default\">\n\t\t\t\t\t\t\t\t\t<p>Our service is based on three fundamental pillars: security, organization, and professional attention.<\/p>\t\t\t\t\t\t\t\t<\/div>\n\t\t\t\t<\/div>\n\t\t<div class=\"elementor-element elementor-element-28618fc e-flex e-con-boxed e-con e-child\" data-id=\"28618fc\" data-element_type=\"container\" data-e-type=\"container\">\n\t\t\t\t\t<div class=\"e-con-inner\">\n\t\t<div class=\"elementor-element elementor-element-7b315c7 e-con-full e-flex e-con e-child\" data-id=\"7b315c7\" data-element_type=\"container\" data-e-type=\"container\" data-settings=\"{&quot;background_background&quot;:&quot;classic&quot;}\">\n\t\t\t\t<div class=\"elementor-element elementor-element-1d1bf29 elementor-widget elementor-widget-tficonbox\" data-id=\"1d1bf29\" data-element_type=\"widget\" data-e-type=\"widget\" data-widget_type=\"tficonbox.default\">\n\t\t\t\t<div class=\"elementor-widget-container\">\n\t\t\t\t\t\t\t\t<div class=\"tficonbox top\">\r\n\t\t\t\t\r\n\t\t\t\t<div class=\"content\">\r\n\t\t\t\t\t<div class=\"inner\">\r\n\t\t\t\t\t\t<h3 class=\"title\">Secure and monitored facilities<\/h3>\r\n\t\t\t\t\t\t<div class=\"description\"><p>We have video surveillance systems, access control, and staff present on the premises.<\/p><\/div>\t\t\t\t\t<\/div>\r\n\t\t\t\t<\/div>\r\n\t\t\t<\/div>\r\n\t\t\t\t\t\t<\/div>\n\t\t\t\t<\/div>\n\t\t\t\t<\/div>\n\t\t<div class=\"elementor-element elementor-element-1f2330f e-con-full e-flex e-con e-child\" data-id=\"1f2330f\" data-element_type=\"container\" data-e-type=\"container\" data-settings=\"{&quot;background_background&quot;:&quot;classic&quot;}\">\n\t\t\t\t<div class=\"elementor-element elementor-element-dbd35db elementor-widget elementor-widget-tficonbox\" data-id=\"dbd35db\" data-element_type=\"widget\" data-e-type=\"widget\" data-widget_type=\"tficonbox.default\">\n\t\t\t\t<div class=\"elementor-widget-container\">\n\t\t\t\t\t\t\t\t<div class=\"tficonbox top\">\r\n\t\t\t\t\r\n\t\t\t\t<div class=\"content\">\r\n\t\t\t\t\t<div class=\"inner\">\r\n\t\t\t\t\t\t<h3 class=\"title\">Fast and free transfer<\/h3>\r\n\t\t\t\t\t\t<div class=\"description\"><p>We offer fast airport transfers and pick-up upon your return.<\/p><\/div>\t\t\t\t\t<\/div>\r\n\t\t\t\t<\/div>\r\n\t\t\t<\/div>\r\n\t\t\t\t\t\t<\/div>\n\t\t\t\t<\/div>\n\t\t\t\t<\/div>\n\t\t<div class=\"elementor-element elementor-element-98c414b e-con-full e-flex e-con e-child\" data-id=\"98c414b\" data-element_type=\"container\" data-e-type=\"container\" data-settings=\"{&quot;background_background&quot;:&quot;classic&quot;}\">\n\t\t\t\t<div class=\"elementor-element elementor-element-241546c elementor-widget elementor-widget-tficonbox\" data-id=\"241546c\" data-element_type=\"widget\" data-e-type=\"widget\" data-widget_type=\"tficonbox.default\">\n\t\t\t\t<div class=\"elementor-widget-container\">\n\t\t\t\t\t\t\t\t<div class=\"tficonbox top\">\r\n\t\t\t\t\r\n\t\t\t\t<div class=\"content\">\r\n\t\t\t\t\t<div class=\"inner\">\r\n\t\t\t\t\t\t<h3 class=\"title\">Outdoor and indoor parking<\/h3>\r\n\t\t\t\t\t\t<div class=\"description\"><p>We have options adapted to different needs and types of stay.<\/p><\/div>\t\t\t\t\t<\/div>\r\n\t\t\t\t<\/div>\r\n\t\t\t<\/div>\r\n\t\t\t\t\t\t<\/div>\n\t\t\t\t<\/div>\n\t\t\t\t<\/div>\n\t\t<div class=\"elementor-element elementor-element-c99054e e-con-full e-flex e-con e-child\" data-id=\"c99054e\" data-element_type=\"container\" data-e-type=\"container\" data-settings=\"{&quot;background_background&quot;:&quot;classic&quot;}\">\n\t\t\t\t<div class=\"elementor-element elementor-element-09beadc elementor-widget elementor-widget-tficonbox\" data-id=\"09beadc\" data-element_type=\"widget\" data-e-type=\"widget\" data-widget_type=\"tficonbox.default\">\n\t\t\t\t<div class=\"elementor-widget-container\">\n\t\t\t\t\t\t\t\t<div class=\"tficonbox top\">\r\n\t\t\t\t\r\n\t\t\t\t<div class=\"content\">\r\n\t\t\t\t\t<div class=\"inner\">\r\n\t\t\t\t\t\t<h3 class=\"title\">Professional team<\/h3>\r\n\t\t\t\t\t\t<div class=\"description\"><p>From your arrival to your return, we ensure the process is clear and simple.<\/p><\/div>\t\t\t\t\t<\/div>\r\n\t\t\t\t<\/div>\r\n\t\t\t<\/div>\r\n\t\t\t\t\t\t<\/div>\n\t\t\t\t<\/div>\n\t\t\t\t<\/div>\n\t\t\t\t\t<\/div>\n\t\t\t\t<\/div>\n\t\t\t\t\t<\/div>\n\t\t\t\t<\/div>\n\t\t\t\t<\/div>\n\t\t<div class=\"elementor-element elementor-element-d0a4d67 e-con-full e-flex e-con e-parent\" data-id=\"d0a4d67\" data-element_type=\"container\" data-e-type=\"container\" data-settings=\"{&quot;background_background&quot;:&quot;classic&quot;}\">\n\t\t\t\t<div class=\"elementor-element elementor-element-f4b387c elementor-align-center elementor-widget elementor-widget-button\" data-id=\"f4b387c\" data-element_type=\"widget\" data-e-type=\"widget\" data-widget_type=\"button.default\">\n\t\t\t\t\t\t\t\t\t\t<a class=\"elementor-button elementor-button-link elementor-size-sm\" href=\"https:\/\/aeropuertoalicanteparking.com\/en\/services-2\/\">\n\t\t\t\t\t\t<span class=\"elementor-button-content-wrapper\">\n\t\t\t\t\t\t\t\t\t<span class=\"elementor-button-text\">View services<\/span>\n\t\t\t\t\t<\/span>\n\t\t\t\t\t<\/a>\n\t\t\t\t\t\t\t\t<\/div>\n\t\t\t\t<\/div>\n\t\t<div class=\"elementor-element elementor-element-ff26396 e-con-full e-flex e-con e-parent\" data-id=\"ff26396\" data-element_type=\"container\" data-e-type=\"container\">\n\t\t\t\t<div class=\"elementor-element elementor-element-3eb2db7 elementor-widget elementor-widget-tf-title-section\" data-id=\"3eb2db7\" data-element_type=\"widget\" data-e-type=\"widget\" data-widget_type=\"tf-title-section.default\">\n\t\t\t\t<div class=\"elementor-widget-container\">\n\t\t\t\t\t<div id=\"tf-title-section-3eb2db7\" class=\"tf-title-section tf-split-text style1   show-border\" data-tabid=\"3eb2db7\"> \r\n\t\t\t\t\r\n\t\t\t\t<div class=\"title-section\">\r\n\t\t\t\t\t<div class=\"sub-title\">How it works<\/div>\r\n\t\t\t\t\t<h3 class=\"heading\"  data-splitting>Parking near the airport is a simple process<\/h3>\r\n\t\t\t\t\t\r\n\t\t\t\t<\/div>                \r\n            <\/div>\t\t\t\t<\/div>\n\t\t\t\t<\/div>\n\t\t\t\t<div class=\"elementor-element elementor-element-b82fd49 elementor-widget elementor-widget-text-editor\" data-id=\"b82fd49\" data-element_type=\"widget\" data-e-type=\"widget\" data-widget_type=\"text-editor.default\">\n\t\t\t\t\t\t\t\t\t<p class=\"translation-block\"><a href=\"https:\/\/aeropuertoalicanteparking.com\/en\/booknow\/\" target=\"_blank\" rel=\"noopener\">Booking your seat<\/a> is quick and easy. Simply confirm your dates, come to our facilities, and use the free shuttle or terminal pickup service if you selected it.<\/p>\t\t\t\t\t\t\t\t<\/div>\n\t\t\t\t<\/div>\n\t\t<div class=\"elementor-element elementor-element-e961e66 e-flex e-con-boxed e-con e-parent\" data-id=\"e961e66\" data-element_type=\"container\" data-e-type=\"container\">\n\t\t\t\t\t<div class=\"e-con-inner\">\n\t\t<div class=\"elementor-element elementor-element-3496c6c e-con-full e-flex e-con e-child\" data-id=\"3496c6c\" data-element_type=\"container\" data-e-type=\"container\" data-settings=\"{&quot;background_background&quot;:&quot;classic&quot;}\">\n\t\t\t\t<div class=\"elementor-element elementor-element-9675260 elementor-widget elementor-widget-icon-box\" data-id=\"9675260\" data-element_type=\"widget\" data-e-type=\"widget\" data-widget_type=\"icon-box.default\">\n\t\t\t\t\t\t\t<div class=\"elementor-icon-box-wrapper\">\n\n\t\t\t\n\t\t\t\t\t\t<div class=\"elementor-icon-box-content\">\n\n\t\t\t\t\t\t\t\t\t<h3 class=\"elementor-icon-box-title\">\n\t\t\t\t\t\t<span  >\n\t\t\t\t\t\t\tBook online\t\t\t\t\t\t<\/span>\n\t\t\t\t\t<\/h3>\n\t\t\t\t\n\t\t\t\t\t\t\t\t\t<p class=\"elementor-icon-box-description\">\n\t\t\t\t\t\tConfirm your place in a few steps.\t\t\t\t\t<\/p>\n\t\t\t\t\n\t\t\t<\/div>\n\t\t\t\n\t\t<\/div>\n\t\t\t\t\t\t<\/div>\n\t\t\t\t<\/div>\n\t\t<div class=\"elementor-element elementor-element-4d5c2f2 e-con-full e-flex e-con e-child\" data-id=\"4d5c2f2\" data-element_type=\"container\" data-e-type=\"container\" data-settings=\"{&quot;background_background&quot;:&quot;classic&quot;}\">\n\t\t\t\t<div class=\"elementor-element elementor-element-e54aa36 elementor-widget elementor-widget-icon-box\" data-id=\"e54aa36\" data-element_type=\"widget\" data-e-type=\"widget\" data-widget_type=\"icon-box.default\">\n\t\t\t\t\t\t\t<div class=\"elementor-icon-box-wrapper\">\n\n\t\t\t\n\t\t\t\t\t\t<div class=\"elementor-icon-box-content\">\n\n\t\t\t\t\t\t\t\t\t<h3 class=\"elementor-icon-box-title\">\n\t\t\t\t\t\t<span  >\n\t\t\t\t\t\t\tArrival at our facilities\t\t\t\t\t\t<\/span>\n\t\t\t\t\t<\/h3>\n\t\t\t\t\n\t\t\t\t\t\t\t\t\t<p class=\"elementor-icon-box-description\">\n\t\t\t\t\t\tOur team will guide you through the procedure.\t\t\t\t\t<\/p>\n\t\t\t\t\n\t\t\t<\/div>\n\t\t\t\n\t\t<\/div>\n\t\t\t\t\t\t<\/div>\n\t\t\t\t<\/div>\n\t\t<div class=\"elementor-element elementor-element-74cfaa1 e-con-full e-flex e-con e-child\" data-id=\"74cfaa1\" data-element_type=\"container\" data-e-type=\"container\" data-settings=\"{&quot;background_background&quot;:&quot;classic&quot;}\">\n\t\t\t\t<div class=\"elementor-element elementor-element-d29009f elementor-widget elementor-widget-icon-box\" data-id=\"d29009f\" data-element_type=\"widget\" data-e-type=\"widget\" data-widget_type=\"icon-box.default\">\n\t\t\t\t\t\t\t<div class=\"elementor-icon-box-wrapper\">\n\n\t\t\t\n\t\t\t\t\t\t<div class=\"elementor-icon-box-content\">\n\n\t\t\t\t\t\t\t\t\t<h3 class=\"elementor-icon-box-title\">\n\t\t\t\t\t\t<span  >\n\t\t\t\t\t\t\tTransfer to the airport\t\t\t\t\t\t<\/span>\n\t\t\t\t\t<\/h3>\n\t\t\t\t\n\t\t\t\t\t\t\t\t\t<p class=\"elementor-icon-box-description\">\n\t\t\t\t\t\tWe'll take you to the terminal in just a few minutes.\t\t\t\t\t<\/p>\n\t\t\t\t\n\t\t\t<\/div>\n\t\t\t\n\t\t<\/div>\n\t\t\t\t\t\t<\/div>\n\t\t\t\t<\/div>\n\t\t<div class=\"elementor-element elementor-element-a6b3093 e-con-full e-flex e-con e-child\" data-id=\"a6b3093\" data-element_type=\"container\" data-e-type=\"container\" data-settings=\"{&quot;background_background&quot;:&quot;classic&quot;}\">\n\t\t\t\t<div class=\"elementor-element elementor-element-2134751 elementor-widget elementor-widget-icon-box\" data-id=\"2134751\" data-element_type=\"widget\" data-e-type=\"widget\" data-widget_type=\"icon-box.default\">\n\t\t\t\t\t\t\t<div class=\"elementor-icon-box-wrapper\">\n\n\t\t\t\n\t\t\t\t\t\t<div class=\"elementor-icon-box-content\">\n\n\t\t\t\t\t\t\t\t\t<h3 class=\"elementor-icon-box-title\">\n\t\t\t\t\t\t<span  >\n\t\t\t\t\t\t\tPick-up upon your return\t\t\t\t\t\t<\/span>\n\t\t\t\t\t<\/h3>\n\t\t\t\t\n\t\t\t\t\t\t\t\t\t<p class=\"elementor-icon-box-description\">\n\t\t\t\t\t\tCall us when you land and we'll arrange the pickup.\t\t\t\t\t<\/p>\n\t\t\t\t\n\t\t\t<\/div>\n\t\t\t\n\t\t<\/div>\n\t\t\t\t\t\t<\/div>\n\t\t\t\t<\/div>\n\t\t\t\t\t<\/div>\n\t\t\t\t<\/div>\n\t\t<div class=\"elementor-element elementor-element-3a32a8c e-con-full e-flex e-con e-parent\" data-id=\"3a32a8c\" data-element_type=\"container\" data-e-type=\"container\" data-settings=\"{&quot;background_background&quot;:&quot;classic&quot;}\">\n\t\t\t\t<div class=\"elementor-element elementor-element-6a06a80 elementor-widget elementor-widget-heading\" data-id=\"6a06a80\" data-element_type=\"widget\" data-e-type=\"widget\" data-widget_type=\"heading.default\">\n\t\t\t\t\t<h2 class=\"elementor-heading-title elementor-size-default\"> Commitment<\/h2>\t\t\t\t<\/div>\n\t\t\t\t<div class=\"elementor-element elementor-element-0c81a64 elementor-widget elementor-widget-text-editor\" data-id=\"0c81a64\" data-element_type=\"widget\" data-e-type=\"widget\" data-widget_type=\"text-editor.default\">\n\t\t\t\t\t\t\t\t\t<p>Our goal is to offer a safe, organized and competitive service for those looking to park near the airport with complete peace of mind.<\/p>\t\t\t\t\t\t\t\t<\/div>\n\t\t\t\t<div class=\"elementor-element elementor-element-9892984 elementor-align-center elementor-widget elementor-widget-button\" data-id=\"9892984\" data-element_type=\"widget\" data-e-type=\"widget\" data-widget_type=\"button.default\">\n\t\t\t\t\t\t\t\t\t\t<a class=\"elementor-button elementor-button-link elementor-size-sm\" href=\"https:\/\/aeropuertoalicanteparking.com\/en\/booknow\/\">\n\t\t\t\t\t\t<span class=\"elementor-button-content-wrapper\">\n\t\t\t\t\t\t\t\t\t<span class=\"elementor-button-text\">Book now - Fast, secure and affordable<\/span>\n\t\t\t\t\t<\/span>\n\t\t\t\t\t<\/a>\n\t\t\t\t\t\t\t\t<\/div>\n\t\t\t\t<\/div>\n\t\t\t\t<\/div>","protected":false},"excerpt":{"rendered":"<p>Sobre nosotros Home Sobre Park-King Alicante Parking seguro y profesional cerca del aeropuerto de Alicante Bienvenido a Park-King Alicante, tu parking de confianza para dejar [&hellip;]<\/p>\n","protected":false},"author":4,"featured_media":0,"parent":0,"menu_order":0,"comment_status":"closed","ping_status":"closed","template":"elementor_header_footer","meta":{"footnotes":""},"class_list":["post-3127","page","type-page","status-publish","hentry"],"_links":{"self":[{"href":"https:\/\/aeropuertoalicanteparking.com\/en\/wp-json\/wp\/v2\/pages\/3127","targetHints":{"allow":["GET"]}}],"collection":[{"href":"https:\/\/aeropuertoalicanteparking.com\/en\/wp-json\/wp\/v2\/pages"}],"about":[{"href":"https:\/\/aeropuertoalicanteparking.com\/en\/wp-json\/wp\/v2\/types\/page"}],"author":[{"embeddable":true,"href":"https:\/\/aeropuertoalicanteparking.com\/en\/wp-json\/wp\/v2\/users\/4"}],"replies":[{"embeddable":true,"href":"https:\/\/aeropuertoalicanteparking.com\/en\/wp-json\/wp\/v2\/comments?post=3127"}],"version-history":[{"count":81,"href":"https:\/\/aeropuertoalicanteparking.com\/en\/wp-json\/wp\/v2\/pages\/3127\/revisions"}],"predecessor-version":[{"id":11899,"href":"https:\/\/aeropuertoalicanteparking.com\/en\/wp-json\/wp\/v2\/pages\/3127\/revisions\/11899"}],"wp:attachment":[{"href":"https:\/\/aeropuertoalicanteparking.com\/en\/wp-json\/wp\/v2\/media?parent=3127"}],"curies":[{"name":"wp","href":"https:\/\/api.w.org\/{rel}","templated":true}]}}