{"id":12274,"date":"2026-04-06T11:18:37","date_gmt":"2026-04-06T09:18:37","guid":{"rendered":"https:\/\/aeropuertoalicanteparking.com\/?page_id=12274"},"modified":"2026-04-08T12:50:58","modified_gmt":"2026-04-08T10:50:58","slug":"blog","status":"publish","type":"page","link":"https:\/\/aeropuertoalicanteparking.com\/en\/blog\/","title":{"rendered":"Blog"},"content":{"rendered":"\t\t<div data-elementor-type=\"wp-page\" data-elementor-id=\"12274\" class=\"elementor elementor-12274\" data-elementor-post-type=\"page\">\n\t\t\t\t<div class=\"elementor-element elementor-element-a060dc7 e-con-full e-flex e-con e-parent\" data-id=\"a060dc7\" data-element_type=\"container\" data-e-type=\"container\" data-settings=\"{&quot;background_background&quot;:&quot;classic&quot;}\">\n\t\t\t\t<div class=\"elementor-element elementor-element-5177264 elementor-widget elementor-widget-tfanimated_heading\" data-id=\"5177264\" data-element_type=\"widget\" data-e-type=\"widget\" data-settings=\"{&quot;headline_break&quot;:&quot;no&quot;,&quot;headline_break_tablet&quot;:&quot;no&quot;,&quot;headline_break_mobile&quot;:&quot;no&quot;}\" data-widget_type=\"tfanimated_heading.default\">\n\t\t\t\t<div class=\"elementor-widget-container\">\n\t\t\t\t\t<div class=\"tf-headline-wrap \">\r\n                <div class=\"tf-headline\">\r\n                    <span class=\"tf-text tf-before-text\">\r\n                        Consejos de Viaje y Parking en el\r\n                    <\/span>\r\n                    <span class=\"tf-text tf-highlighted-text tf-highlighted animationtext zoom\">\r\n                        <span class=\"cd-words-wrapper\"><span class=\"item-text is-visible\">Aeropuerto de Alicante<\/span><\/span> \r\n                    <\/span>\r\n                    <span class=\"tf-text tf-after-text\">\r\n                        \r\n                    <\/span>\r\n                <\/div>\r\n            <\/div>\t\t\t\t<\/div>\n\t\t\t\t<\/div>\n\t\t\t\t<div class=\"elementor-element elementor-element-c261f23 elementor-widget elementor-widget-text-editor\" data-id=\"c261f23\" data-element_type=\"widget\" data-e-type=\"widget\" data-widget_type=\"text-editor.default\">\n\t\t\t\t\t\t\t\t\t<p>Descubre gu\u00edas expertas, consejos de viaje y las mejores opciones de parking barato cerca del Aeropuerto de Alicante. Viaja sin estr\u00e9s con <strong>Park-King.<\/strong><\/p>\t\t\t\t\t\t\t\t<\/div>\n\t\t\t\t<div class=\"elementor-element elementor-element-0be8e3c elementor-widget elementor-widget-hfe-breadcrumbs-widget\" data-id=\"0be8e3c\" data-element_type=\"widget\" data-e-type=\"widget\" data-widget_type=\"hfe-breadcrumbs-widget.default\">\n\t\t\t\t<div class=\"elementor-widget-container\">\n\t\t\t\t\t<nav aria-label=\"Breadcrumb\"><ul class=\"hfe-breadcrumbs hfe-breadcrumbs-show-home\"><li class=\"hfe-breadcrumbs-item hfe-breadcrumbs-first\"><span class=\"hfe-breadcrumbs-home-icon\"><svg aria-hidden=\"true\" class=\"e-font-icon-svg e-fas-home\" viewBox=\"0 0 576 512\" xmlns=\"http:\/\/www.w3.org\/2000\/svg\"><path d=\"M280.37 148.26L96 300.11V464a16 16 0 0 0 16 16l112.06-.29a16 16 0 0 0 15.92-16V368a16 16 0 0 1 16-16h64a16 16 0 0 1 16 16v95.64a16 16 0 0 0 16 16.05L464 480a16 16 0 0 0 16-16V300L295.67 148.26a12.19 12.19 0 0 0-15.3 0zM571.6 251.47L488 182.56V44.05a12 12 0 0 0-12-12h-56a12 12 0 0 0-12 12v72.61L318.47 43a48 48 0 0 0-61 0L4.34 251.47a12 12 0 0 0-1.6 16.9l25.5 31A12 12 0 0 0 45.15 301l235.22-193.74a12.19 12.19 0 0 1 15.3 0L530.9 301a12 12 0 0 0 16.9-1.6l25.5-31a12 12 0 0 0-1.7-16.93z\"><\/path><\/svg><\/span><a href=\"https:\/\/aeropuertoalicanteparking.com\/en\"><span class=\"hfe-breadcrumbs-text\">Home<\/span><\/a><\/li><\/ul><\/nav>\t\t\t\t<\/div>\n\t\t\t\t<\/div>\n\t\t\t\t<\/div>\n\t\t<div class=\"elementor-element elementor-element-eca23df e-flex e-con-boxed e-con e-parent\" data-id=\"eca23df\" data-element_type=\"container\" data-e-type=\"container\">\n\t\t\t\t\t<div class=\"e-con-inner\">\n\t\t\t\t<div class=\"elementor-element elementor-element-891db13 elementor-widget elementor-widget-tfanimated_heading\" data-id=\"891db13\" data-element_type=\"widget\" data-e-type=\"widget\" data-settings=\"{&quot;headline_break&quot;:&quot;no&quot;,&quot;headline_break_tablet&quot;:&quot;no&quot;,&quot;headline_break_mobile&quot;:&quot;no&quot;}\" data-widget_type=\"tfanimated_heading.default\">\n\t\t\t\t<div class=\"elementor-widget-container\">\n\t\t\t\t\t<div class=\"tf-headline-wrap \">\r\n                <div class=\"tf-headline\">\r\n                    <span class=\"tf-text tf-before-text\">\r\n                        Lee Nuestros \u00daltimos Blogs Sobre Parking,\r\n                    <\/span>\r\n                    <span class=\"tf-text tf-highlighted-text tf-highlighted animationtext zoom\">\r\n                        <span class=\"cd-words-wrapper\"><span class=\"item-text is-visible\">Viajes y Aeropuerto de Alicante<\/span><\/span> \r\n                    <\/span>\r\n                    <span class=\"tf-text tf-after-text\">\r\n                        \r\n                    <\/span>\r\n                <\/div>\r\n            <\/div>\t\t\t\t<\/div>\n\t\t\t\t<\/div>\n\t\t\t\t<div class=\"elementor-element elementor-element-911ec24 elementor-widget elementor-widget-text-editor\" data-id=\"911ec24\" data-element_type=\"widget\" data-e-type=\"widget\" data-widget_type=\"text-editor.default\">\n\t\t\t\t\t\t\t\t\t<p>Mantente informado con consejos expertos sobre parking en el aeropuerto, gu\u00edas de viaje y recomendaciones para ahorrar dinero en tu pr\u00f3ximo viaje desde Alicante.<\/p>\t\t\t\t\t\t\t\t<\/div>\n\t\t\t\t<div class=\"elementor-element elementor-element-252a1ae elementor-posts--align-left elementor-grid-3 elementor-grid-tablet-2 elementor-grid-mobile-1 elementor-posts--thumbnail-top elementor-posts--show-avatar elementor-card-shadow-yes elementor-posts__hover-gradient elementor-widget elementor-widget-posts\" data-id=\"252a1ae\" data-element_type=\"widget\" data-e-type=\"widget\" data-settings=\"{&quot;cards_masonry&quot;:&quot;yes&quot;,&quot;cards_columns&quot;:&quot;3&quot;,&quot;cards_columns_tablet&quot;:&quot;2&quot;,&quot;cards_columns_mobile&quot;:&quot;1&quot;,&quot;cards_row_gap&quot;:{&quot;unit&quot;:&quot;px&quot;,&quot;size&quot;:35,&quot;sizes&quot;:[]},&quot;cards_row_gap_tablet&quot;:{&quot;unit&quot;:&quot;px&quot;,&quot;size&quot;:&quot;&quot;,&quot;sizes&quot;:[]},&quot;cards_row_gap_mobile&quot;:{&quot;unit&quot;:&quot;px&quot;,&quot;size&quot;:&quot;&quot;,&quot;sizes&quot;:[]}}\" data-widget_type=\"posts.cards\">\n\t\t\t\t<div class=\"elementor-widget-container\">\n\t\t\t\t\t\t\t<div class=\"elementor-posts-container elementor-posts elementor-posts--skin-cards elementor-grid\" role=\"list\">\n\t\t\t\t<article class=\"elementor-post elementor-grid-item post-12348 post type-post status-publish format-standard has-post-thumbnail hentry category-car-parking tag-consejos-parking-aeropuerto tag-parking-aeropuerto-alicante tag-parking-barato-alicante-aeropuerto tag-parking-larga-estancia-alicante tag-parking-seguro-aeropuerto-alicante\" role=\"listitem\">\n\t\t\t<div class=\"elementor-post__card\">\n\t\t\t\t<a class=\"elementor-post__thumbnail__link\" href=\"https:\/\/aeropuertoalicanteparking.com\/en\/dejar-tu-coche-en-el-aeropuerto-de-alicante\/\" tabindex=\"-1\" ><div class=\"elementor-post__thumbnail\"><img fetchpriority=\"high\" decoding=\"async\" width=\"1408\" height=\"768\" src=\"https:\/\/aeropuertoalicanteparking.com\/wp-content\/uploads\/2026\/04\/Image_fx-1.jpg\" class=\"attachment-full size-full wp-image-12349\" alt=\"Antes de Dejar tu Coche en el Aeropuerto de Alicante - Park King Alicante\" srcset=\"https:\/\/aeropuertoalicanteparking.com\/wp-content\/uploads\/2026\/04\/Image_fx-1.jpg 1408w, https:\/\/aeropuertoalicanteparking.com\/wp-content\/uploads\/2026\/04\/Image_fx-1-300x164.jpg 300w, https:\/\/aeropuertoalicanteparking.com\/wp-content\/uploads\/2026\/04\/Image_fx-1-1024x559.jpg 1024w, https:\/\/aeropuertoalicanteparking.com\/wp-content\/uploads\/2026\/04\/Image_fx-1-768x419.jpg 768w, https:\/\/aeropuertoalicanteparking.com\/wp-content\/uploads\/2026\/04\/Image_fx-1-18x10.jpg 18w\" sizes=\"(max-width: 1408px) 100vw, 1408px\" title=\"\"><\/div><\/a>\n\t\t\t\t<div class=\"elementor-post__badge\">Car parking<\/div>\n\t\t\t\t<div class=\"elementor-post__avatar\">\n\t\t\t<img decoding=\"async\" alt=\"Park King\" src=\"https:\/\/secure.gravatar.com\/avatar\/bf733bddc8ac4409f2301090379f045b5fe2145fcc871ae6c71c659ca950f7b9?s=128&#038;d=mm&#038;r=g\" srcset=\"https:\/\/secure.gravatar.com\/avatar\/bf733bddc8ac4409f2301090379f045b5fe2145fcc871ae6c71c659ca950f7b9?s=256&#038;d=mm&#038;r=g 2x\" class=\"avatar avatar-128 photo\" height=\"128\" width=\"128\" title=\"\">\t\t<\/div>\n\t\t\t\t<div class=\"elementor-post__text\">\n\t\t\t\t<h3 class=\"elementor-post__title\">\n\t\t\t<a href=\"https:\/\/aeropuertoalicanteparking.com\/en\/dejar-tu-coche-en-el-aeropuerto-de-alicante\/\" >\n\t\t\t\tQu\u00e9 Hacer Antes de Dejar tu Coche en el Aeropuerto de Alicante\t\t\t<\/a>\n\t\t<\/h3>\n\t\t\n\t\t<a class=\"elementor-post__read-more\" href=\"https:\/\/aeropuertoalicanteparking.com\/en\/dejar-tu-coche-en-el-aeropuerto-de-alicante\/\" aria-label=\"Read more about Qu\u00e9 Hacer Antes de Dejar tu Coche en el Aeropuerto de Alicante\" tabindex=\"-1\" >\n\t\t\tRead More \u00bb\t\t<\/a>\n\n\t\t\t\t<\/div>\n\t\t\t\t<div class=\"elementor-post__meta-data\">\n\t\t\t\t\t<span class=\"elementor-post-date\">\n\t\t\tApril 10, 2026\t\t<\/span>\n\t\t\t\t<span class=\"elementor-post-avatar\">\n\t\t\tNo Comments\t\t<\/span>\n\t\t\t\t<\/div>\n\t\t\t\t\t<\/div>\n\t\t<\/article>\n\t\t\t\t<article class=\"elementor-post elementor-grid-item post-12292 post type-post status-publish format-standard has-post-thumbnail hentry category-long-term-parking-alicante category-short-term-parking-alicante tag-long-term-parking-alicante tag-parking-aeropuerto-alicante-barato tag-parking-larga-estancia-alicante tag-parking-seguro-aeropuerto tag-short-term-parking-alicante\" role=\"listitem\">\n\t\t\t<div class=\"elementor-post__card\">\n\t\t\t\t<a class=\"elementor-post__thumbnail__link\" href=\"https:\/\/aeropuertoalicanteparking.com\/en\/parking-de-larga-estancia-vs-corta-estancia\/\" tabindex=\"-1\" ><div class=\"elementor-post__thumbnail\"><img decoding=\"async\" width=\"1408\" height=\"768\" src=\"https:\/\/aeropuertoalicanteparking.com\/wp-content\/uploads\/2026\/04\/Image_fx.jpg\" class=\"attachment-full size-full wp-image-12295\" alt=\"Parking de Larga Estancia vs Corta Estancia - Parking Aeropuerto Alicante\" srcset=\"https:\/\/aeropuertoalicanteparking.com\/wp-content\/uploads\/2026\/04\/Image_fx.jpg 1408w, https:\/\/aeropuertoalicanteparking.com\/wp-content\/uploads\/2026\/04\/Image_fx-300x164.jpg 300w, https:\/\/aeropuertoalicanteparking.com\/wp-content\/uploads\/2026\/04\/Image_fx-1024x559.jpg 1024w, https:\/\/aeropuertoalicanteparking.com\/wp-content\/uploads\/2026\/04\/Image_fx-768x419.jpg 768w, https:\/\/aeropuertoalicanteparking.com\/wp-content\/uploads\/2026\/04\/Image_fx-18x10.jpg 18w\" sizes=\"(max-width: 1408px) 100vw, 1408px\" title=\"\"><\/div><\/a>\n\t\t\t\t<div class=\"elementor-post__badge\">long term parking alicante<\/div>\n\t\t\t\t<div class=\"elementor-post__avatar\">\n\t\t\t<img decoding=\"async\" alt=\"Park King\" src=\"https:\/\/secure.gravatar.com\/avatar\/bf733bddc8ac4409f2301090379f045b5fe2145fcc871ae6c71c659ca950f7b9?s=128&#038;d=mm&#038;r=g\" srcset=\"https:\/\/secure.gravatar.com\/avatar\/bf733bddc8ac4409f2301090379f045b5fe2145fcc871ae6c71c659ca950f7b9?s=256&#038;d=mm&#038;r=g 2x\" class=\"avatar avatar-128 photo\" height=\"128\" width=\"128\" title=\"\">\t\t<\/div>\n\t\t\t\t<div class=\"elementor-post__text\">\n\t\t\t\t<h3 class=\"elementor-post__title\">\n\t\t\t<a href=\"https:\/\/aeropuertoalicanteparking.com\/en\/parking-de-larga-estancia-vs-corta-estancia\/\" >\n\t\t\t\tParking de Larga Estancia vs Corta Estancia: \u00bfCu\u00e1l es Mejor?\t\t\t<\/a>\n\t\t<\/h3>\n\t\t\n\t\t<a class=\"elementor-post__read-more\" href=\"https:\/\/aeropuertoalicanteparking.com\/en\/parking-de-larga-estancia-vs-corta-estancia\/\" aria-label=\"Read more about Parking de Larga Estancia vs Corta Estancia: \u00bfCu\u00e1l es Mejor?\" tabindex=\"-1\" >\n\t\t\tRead More \u00bb\t\t<\/a>\n\n\t\t\t\t<\/div>\n\t\t\t\t<div class=\"elementor-post__meta-data\">\n\t\t\t\t\t<span class=\"elementor-post-date\">\n\t\t\tApril 8, 2026\t\t<\/span>\n\t\t\t\t<span class=\"elementor-post-avatar\">\n\t\t\t1 Comment\t\t<\/span>\n\t\t\t\t<\/div>\n\t\t\t\t\t<\/div>\n\t\t<\/article>\n\t\t\t\t<\/div>\n\t\t\n\t\t\t\t\t\t<\/div>\n\t\t\t\t<\/div>\n\t\t\t\t\t<\/div>\n\t\t\t\t<\/div>\n\t\t<div class=\"elementor-element elementor-element-bbabbab e-flex e-con-boxed e-con e-parent\" data-id=\"bbabbab\" data-element_type=\"container\" data-e-type=\"container\" data-settings=\"{&quot;background_background&quot;:&quot;classic&quot;}\">\n\t\t\t\t\t<div class=\"e-con-inner\">\n\t\t\t\t<div class=\"elementor-element elementor-element-7960c2a elementor-widget elementor-widget-tfanimated_heading\" data-id=\"7960c2a\" data-element_type=\"widget\" data-e-type=\"widget\" data-settings=\"{&quot;headline_break&quot;:&quot;no&quot;,&quot;headline_break_tablet&quot;:&quot;no&quot;,&quot;headline_break_mobile&quot;:&quot;no&quot;}\" data-widget_type=\"tfanimated_heading.default\">\n\t\t\t\t<div class=\"elementor-widget-container\">\n\t\t\t\t\t<div class=\"tf-headline-wrap \">\r\n                <div class=\"tf-headline\">\r\n                    <span class=\"tf-text tf-before-text\">\r\n                        Mantente \r\n                    <\/span>\r\n                    <span class=\"tf-text tf-highlighted-text tf-highlighted animationtext zoom\">\r\n                        <span class=\"cd-words-wrapper\"><span class=\"item-text is-visible\">Informado<\/span><\/span> \r\n                    <\/span>\r\n                    <span class=\"tf-text tf-after-text\">\r\n                        \r\n                    <\/span>\r\n                <\/div>\r\n            <\/div>\t\t\t\t<\/div>\n\t\t\t\t<\/div>\n\t\t\t\t<div class=\"elementor-element elementor-element-271ce28 elementor-widget elementor-widget-text-editor\" data-id=\"271ce28\" data-element_type=\"widget\" data-e-type=\"widget\" data-widget_type=\"text-editor.default\">\n\t\t\t\t\t\t\t\t\t<p>Suscr\u00edbete y recibe los \u00faltimos consejos de viaje, gu\u00edas de parking y ofertas exclusivas de Park-King en tu correo.<\/p>\t\t\t\t\t\t\t\t<\/div>\n\t\t\t\t<div class=\"elementor-element elementor-element-a728d9e elementor-widget__width-initial elementor-button-align-stretch elementor-widget elementor-widget-form\" data-id=\"a728d9e\" data-element_type=\"widget\" data-e-type=\"widget\" data-settings=\"{&quot;step_next_label&quot;:&quot;Next&quot;,&quot;step_previous_label&quot;:&quot;Previous&quot;,&quot;button_width&quot;:&quot;100&quot;,&quot;step_type&quot;:&quot;number_text&quot;,&quot;step_icon_shape&quot;:&quot;circle&quot;}\" data-widget_type=\"form.default\">\n\t\t\t\t\t\t\t<form class=\"elementor-form\" method=\"post\" name=\"New Form\" aria-label=\"New Form\">\n\t\t\t<input type=\"hidden\" name=\"post_id\" value=\"12274\"\/>\n\t\t\t<input type=\"hidden\" name=\"form_id\" value=\"a728d9e\"\/>\n\t\t\t<input type=\"hidden\" name=\"referer_title\" value=\"\" \/>\n\n\t\t\t\n\t\t\t<div class=\"elementor-form-fields-wrapper elementor-labels-\">\n\t\t\t\t\t\t\t\t<div class=\"elementor-field-type-email elementor-field-group elementor-column elementor-field-group-email elementor-col-100 elementor-field-required\">\n\t\t\t\t\t\t\t\t\t\t\t\t<label for=\"form-field-email\" class=\"elementor-field-label elementor-screen-only\">\n\t\t\t\t\t\t\t\tEmail\t\t\t\t\t\t\t<\/label>\n\t\t\t\t\t\t\t\t\t\t\t\t\t\t<input size=\"1\" type=\"email\" name=\"form_fields[email]\" id=\"form-field-email\" class=\"elementor-field elementor-size-sm  elementor-field-textual\" placeholder=\"Email\" required=\"required\">\n\t\t\t\t\t\t\t\t\t\t\t<\/div>\n\t\t\t\t\t\t\t\t<div class=\"elementor-field-group elementor-column elementor-field-type-submit elementor-col-100 e-form__buttons\">\n\t\t\t\t\t<button class=\"elementor-button elementor-size-sm\" type=\"submit\">\n\t\t\t\t\t\t<span class=\"elementor-button-content-wrapper\">\n\t\t\t\t\t\t\t\t\t\t\t\t\t\t\t\t\t\t\t\t\t\t<span class=\"elementor-button-text\">Send<\/span>\n\t\t\t\t\t\t\t\t\t\t\t\t\t<\/span>\n\t\t\t\t\t<\/button>\n\t\t\t\t<\/div>\n\t\t\t<\/div>\n\t\t<\/form>\n\t\t\t\t\t\t<\/div>\n\t\t\t\t\t<\/div>\n\t\t\t\t<\/div>\n\t\t\t\t<\/div>\n\t\t","protected":false},"excerpt":{"rendered":"<p>Consejos de Viaje y Parking en el Aeropuerto de Alicante Descubre gu\u00edas expertas, consejos de viaje y las mejores opciones de parking barato cerca del<\/p>","protected":false},"author":4,"featured_media":0,"parent":0,"menu_order":0,"comment_status":"closed","ping_status":"closed","template":"elementor_header_footer","meta":{"footnotes":""},"class_list":["post-12274","page","type-page","status-publish","hentry"],"_links":{"self":[{"href":"https:\/\/aeropuertoalicanteparking.com\/en\/wp-json\/wp\/v2\/pages\/12274","targetHints":{"allow":["GET"]}}],"collection":[{"href":"https:\/\/aeropuertoalicanteparking.com\/en\/wp-json\/wp\/v2\/pages"}],"about":[{"href":"https:\/\/aeropuertoalicanteparking.com\/en\/wp-json\/wp\/v2\/types\/page"}],"author":[{"embeddable":true,"href":"https:\/\/aeropuertoalicanteparking.com\/en\/wp-json\/wp\/v2\/users\/4"}],"replies":[{"embeddable":true,"href":"https:\/\/aeropuertoalicanteparking.com\/en\/wp-json\/wp\/v2\/comments?post=12274"}],"version-history":[{"count":23,"href":"https:\/\/aeropuertoalicanteparking.com\/en\/wp-json\/wp\/v2\/pages\/12274\/revisions"}],"predecessor-version":[{"id":12331,"href":"https:\/\/aeropuertoalicanteparking.com\/en\/wp-json\/wp\/v2\/pages\/12274\/revisions\/12331"}],"wp:attachment":[{"href":"https:\/\/aeropuertoalicanteparking.com\/en\/wp-json\/wp\/v2\/media?parent=12274"}],"curies":[{"name":"wp","href":"https:\/\/api.w.org\/{rel}","templated":true}]}}