{"id":11608,"date":"2026-01-30T11:19:03","date_gmt":"2026-01-30T10:19:03","guid":{"rendered":"https:\/\/aeropuertoalicanteparking.com\/?page_id=11608"},"modified":"2026-03-24T07:40:10","modified_gmt":"2026-03-24T06:40:10","slug":"parking-gallery","status":"publish","type":"page","link":"https:\/\/aeropuertoalicanteparking.com\/en\/parking-gallery\/","title":{"rendered":"Galer\u00eda del Parking"},"content":{"rendered":"<div data-elementor-type=\"wp-page\" data-elementor-id=\"11608\" class=\"elementor elementor-11608\" data-elementor-post-type=\"page\">\n\t\t\t\t<div class=\"elementor-element elementor-element-35d5c2a e-con-full e-flex e-con e-parent\" data-id=\"35d5c2a\" data-element_type=\"container\" data-e-type=\"container\" data-settings=\"{&quot;background_background&quot;:&quot;classic&quot;}\">\n\t\t<div class=\"elementor-element elementor-element-b58459b e-con-full e-flex e-con e-child\" data-id=\"b58459b\" data-element_type=\"container\" data-e-type=\"container\" data-settings=\"{&quot;background_background&quot;:&quot;classic&quot;}\">\n\t\t<div class=\"elementor-element elementor-element-4542a14 e-con-full e-flex e-con e-child\" data-id=\"4542a14\" data-element_type=\"container\" data-e-type=\"container\">\n\t\t\t\t<div class=\"elementor-element elementor-element-2a82d6b elementor-widget elementor-widget-heading\" data-id=\"2a82d6b\" data-element_type=\"widget\" data-e-type=\"widget\" data-widget_type=\"heading.default\">\n\t\t\t\t\t<h1 class=\"elementor-heading-title elementor-size-default\">Parking Gallery<\/h1>\t\t\t\t<\/div>\n\t\t\t\t<\/div>\n\t\t<div class=\"elementor-element elementor-element-48e6e8e e-con-full e-flex e-con e-child\" data-id=\"48e6e8e\" data-element_type=\"container\" data-e-type=\"container\">\n\t\t\t\t<div class=\"elementor-element elementor-element-61f764a elementor-widget elementor-widget-hfe-breadcrumbs-widget\" data-id=\"61f764a\" data-element_type=\"widget\" data-e-type=\"widget\" data-widget_type=\"hfe-breadcrumbs-widget.default\">\n\t\t\t\t<div class=\"elementor-widget-container\">\n\t\t\t\t\t<nav aria-label=\"Breadcrumb\"><ul class=\"hfe-breadcrumbs hfe-breadcrumbs-show-home\"><li class=\"hfe-breadcrumbs-item hfe-breadcrumbs-first\"><span class=\"hfe-breadcrumbs-home-icon\"><\/span><a href=\"https:\/\/aeropuertoalicanteparking.com\/en\"><span class=\"hfe-breadcrumbs-text\">Home<\/span><\/a><\/li><\/ul><\/nav>\t\t\t\t<\/div>\n\t\t\t\t<\/div>\n\t\t\t\t<\/div>\n\t\t\t\t<\/div>\n\t\t\t\t<\/div>\n\t\t<div class=\"elementor-element elementor-element-a484d4e e-con-full e-flex e-con e-parent\" data-id=\"a484d4e\" data-element_type=\"container\" data-e-type=\"container\">\n\t\t\t\t<div class=\"elementor-element elementor-element-c124812 elementor-widget elementor-widget-heading\" data-id=\"c124812\" data-element_type=\"widget\" data-e-type=\"widget\" data-widget_type=\"heading.default\">\n\t\t\t\t\t<h2 class=\"elementor-heading-title elementor-size-default\">Aparcamiento seguro cerca del Aeropuerto de Alicante<\/h2>\t\t\t\t<\/div>\n\t\t\t\t<div class=\"elementor-element elementor-element-a944afe elementor-widget elementor-widget-text-editor\" data-id=\"a944afe\" data-element_type=\"widget\" data-e-type=\"widget\" data-widget_type=\"text-editor.default\">\n\t\t\t\t\t\t\t\t\t<p>Welcome to the Park-King Alicante Airport parking gallery. Here you can see real images of our secure parking, parked vehicles, and access areas near Alicante Airport. We offer a safe, monitored, and well-organized parking space designed for travelers seeking reliable parking near Alicante Airport. Transparency and customer trust are important to us, which is why we display real photos of our parking facility.<\/p>\t\t\t\t\t\t\t\t<\/div>\n\t\t\t\t<div class=\"elementor-element elementor-element-e2534f6 elementor-align-center elementor-widget elementor-widget-button\" data-id=\"e2534f6\" data-element_type=\"widget\" data-e-type=\"widget\" data-widget_type=\"button.default\">\n\t\t\t\t\t\t\t\t\t\t<a class=\"elementor-button elementor-button-link elementor-size-sm\" href=\"https:\/\/aeropuertoalicanteparking.com\/en\/booknow\/\">\n\t\t\t\t\t\t<span class=\"elementor-button-content-wrapper\">\n\t\t\t\t\t\t\t\t\t<span class=\"elementor-button-text\">Book your parking near Alicante Airport today<\/span>\n\t\t\t\t\t<\/span>\n\t\t\t\t\t<\/a>\n\t\t\t\t\t\t\t\t<\/div>\n\t\t\t\t<div class=\"elementor-element elementor-element-9e8574f elementor-widget elementor-widget-gallery\" data-id=\"9e8574f\" data-element_type=\"widget\" data-e-type=\"widget\" data-settings=\"{&quot;aspect_ratio&quot;:&quot;4:3&quot;,&quot;lazyload&quot;:&quot;yes&quot;,&quot;gallery_layout&quot;:&quot;grid&quot;,&quot;columns&quot;:4,&quot;columns_tablet&quot;:2,&quot;columns_mobile&quot;:1,&quot;gap&quot;:{&quot;unit&quot;:&quot;px&quot;,&quot;size&quot;:10,&quot;sizes&quot;:[]},&quot;gap_tablet&quot;:{&quot;unit&quot;:&quot;px&quot;,&quot;size&quot;:10,&quot;sizes&quot;:[]},&quot;gap_mobile&quot;:{&quot;unit&quot;:&quot;px&quot;,&quot;size&quot;:10,&quot;sizes&quot;:[]},&quot;link_to&quot;:&quot;file&quot;,&quot;overlay_background&quot;:&quot;yes&quot;,&quot;content_hover_animation&quot;:&quot;fade-in&quot;}\" data-widget_type=\"gallery.default\">\n\t\t\t\t\t\t\t<div class=\"elementor-gallery__container\">\n\t\t\t\t\t\t\t<a class=\"e-gallery-item elementor-gallery-item elementor-animated-content\" href=\"https:\/\/aeropuertoalicanteparking.com\/wp-content\/uploads\/2026\/01\/WhatsApp-Image-2026-01-30-at-1.12.08-AM.jpeg\" data-elementor-open-lightbox=\"yes\" data-elementor-lightbox-slideshow=\"9e8574f\" data-elementor-lightbox-title=\"Secure parking area at Park-King Alicante Aeropuerto\" data-elementor-lightbox-description=\"Secure parking area at Park-King Alicante Aeropuerto\" data-e-action-hash=\"#elementor-action%3Aaction%3Dlightbox%26settings%3DeyJpZCI6MTE2MjAsInVybCI6Imh0dHBzOlwvXC9hZXJvcHVlcnRvYWxpY2FudGVwYXJraW5nLmNvbVwvd3AtY29udGVudFwvdXBsb2Fkc1wvMjAyNlwvMDFcL1doYXRzQXBwLUltYWdlLTIwMjYtMDEtMzAtYXQtMS4xMi4wOC1BTS5qcGVnIiwic2xpZGVzaG93IjoiOWU4NTc0ZiJ9\">\n\t\t\t\t\t<div class=\"e-gallery-image elementor-gallery-item__image\" data-thumbnail=\"https:\/\/aeropuertoalicanteparking.com\/wp-content\/uploads\/2026\/01\/WhatsApp-Image-2026-01-30-at-1.12.08-AM.jpeg\" data-width=\"2048\" data-height=\"1536\" aria-label=\"Secure parking area at Park-King Alicante Aeropuerto\" role=\"img\" ><\/div>\n\t\t\t\t\t\t\t\t\t\t\t<div class=\"elementor-gallery-item__overlay\"><\/div>\n\t\t\t\t\t\t\t\t\t\t\t\t\t\t<\/a>\n\t\t\t\t\t\t\t<a class=\"e-gallery-item elementor-gallery-item elementor-animated-content\" href=\"https:\/\/aeropuertoalicanteparking.com\/wp-content\/uploads\/2026\/01\/WhatsApp-Image-2026-01-30-at-1.12.08-AM-1.jpeg\" data-elementor-open-lightbox=\"yes\" data-elementor-lightbox-slideshow=\"9e8574f\" data-elementor-lightbox-title=\"Cars parked safely near Alicante Airport\" data-elementor-lightbox-description=\"Cars parked safely near Alicante Airport\" data-e-action-hash=\"#elementor-action%3Aaction%3Dlightbox%26settings%3DeyJpZCI6MTE2MjIsInVybCI6Imh0dHBzOlwvXC9hZXJvcHVlcnRvYWxpY2FudGVwYXJraW5nLmNvbVwvd3AtY29udGVudFwvdXBsb2Fkc1wvMjAyNlwvMDFcL1doYXRzQXBwLUltYWdlLTIwMjYtMDEtMzAtYXQtMS4xMi4wOC1BTS0xLmpwZWciLCJzbGlkZXNob3ciOiI5ZTg1NzRmIn0%3D\">\n\t\t\t\t\t<div class=\"e-gallery-image elementor-gallery-item__image\" data-thumbnail=\"https:\/\/aeropuertoalicanteparking.com\/wp-content\/uploads\/2026\/01\/WhatsApp-Image-2026-01-30-at-1.12.08-AM-1.jpeg\" data-width=\"1536\" data-height=\"2048\" aria-label=\"Cars parked safely near Alicante Airport\" role=\"img\" ><\/div>\n\t\t\t\t\t\t\t\t\t\t\t<div class=\"elementor-gallery-item__overlay\"><\/div>\n\t\t\t\t\t\t\t\t\t\t\t\t\t\t<\/a>\n\t\t\t\t\t\t\t<a class=\"e-gallery-item elementor-gallery-item elementor-animated-content\" href=\"https:\/\/aeropuertoalicanteparking.com\/wp-content\/uploads\/2026\/01\/WhatsApp-Image-2026-01-30-at-1.12.15-AM.jpeg\" data-elementor-open-lightbox=\"yes\" data-elementor-lightbox-slideshow=\"9e8574f\" data-elementor-lightbox-title=\"Parking entrance of Park-King Alicante Aeropuerto\" data-elementor-lightbox-description=\"Parking entrance of Park-King Alicante Aeropuerto\" data-e-action-hash=\"#elementor-action%3Aaction%3Dlightbox%26settings%3DeyJpZCI6MTE2MjEsInVybCI6Imh0dHBzOlwvXC9hZXJvcHVlcnRvYWxpY2FudGVwYXJraW5nLmNvbVwvd3AtY29udGVudFwvdXBsb2Fkc1wvMjAyNlwvMDFcL1doYXRzQXBwLUltYWdlLTIwMjYtMDEtMzAtYXQtMS4xMi4xNS1BTS5qcGVnIiwic2xpZGVzaG93IjoiOWU4NTc0ZiJ9\">\n\t\t\t\t\t<div class=\"e-gallery-image elementor-gallery-item__image\" data-thumbnail=\"https:\/\/aeropuertoalicanteparking.com\/wp-content\/uploads\/2026\/01\/WhatsApp-Image-2026-01-30-at-1.12.15-AM.jpeg\" data-width=\"1536\" data-height=\"2048\" aria-label=\"Parking entrance of Park-King Alicante Aeropuerto\" role=\"img\" ><\/div>\n\t\t\t\t\t\t\t\t\t\t\t<div class=\"elementor-gallery-item__overlay\"><\/div>\n\t\t\t\t\t\t\t\t\t\t\t\t\t\t<\/a>\n\t\t\t\t\t\t\t<a class=\"e-gallery-item elementor-gallery-item elementor-animated-content\" href=\"https:\/\/aeropuertoalicanteparking.com\/wp-content\/uploads\/2026\/01\/WhatsApp-Image-2026-01-30-at-1.12.30-AM.jpeg\" data-elementor-open-lightbox=\"yes\" data-elementor-lightbox-slideshow=\"9e8574f\" data-elementor-lightbox-title=\"Long-term parking area near Alicante Aeropuerto\" data-elementor-lightbox-description=\"Long-term parking area near Alicante Aeropuerto\" data-e-action-hash=\"#elementor-action%3Aaction%3Dlightbox%26settings%3DeyJpZCI6MTE2MjUsInVybCI6Imh0dHBzOlwvXC9hZXJvcHVlcnRvYWxpY2FudGVwYXJraW5nLmNvbVwvd3AtY29udGVudFwvdXBsb2Fkc1wvMjAyNlwvMDFcL1doYXRzQXBwLUltYWdlLTIwMjYtMDEtMzAtYXQtMS4xMi4zMC1BTS5qcGVnIiwic2xpZGVzaG93IjoiOWU4NTc0ZiJ9\">\n\t\t\t\t\t<div class=\"e-gallery-image elementor-gallery-item__image\" data-thumbnail=\"https:\/\/aeropuertoalicanteparking.com\/wp-content\/uploads\/2026\/01\/WhatsApp-Image-2026-01-30-at-1.12.30-AM.jpeg\" data-width=\"2048\" data-height=\"1536\" aria-label=\"Long-term parking area near Alicante Aeropuerto\" role=\"img\" ><\/div>\n\t\t\t\t\t\t\t\t\t\t\t<div class=\"elementor-gallery-item__overlay\"><\/div>\n\t\t\t\t\t\t\t\t\t\t\t\t\t\t<\/a>\n\t\t\t\t\t\t\t<a class=\"e-gallery-item elementor-gallery-item elementor-animated-content\" href=\"https:\/\/aeropuertoalicanteparking.com\/wp-content\/uploads\/2026\/01\/WhatsApp-Image-2026-01-30-at-1.12.07-AM-1.jpeg\" data-elementor-open-lightbox=\"yes\" data-elementor-lightbox-slideshow=\"9e8574f\" data-elementor-lightbox-title=\"Alicante Airport parking facility Park-King\" data-elementor-lightbox-description=\"Alicante Airport parking facility Park-King\" data-e-action-hash=\"#elementor-action%3Aaction%3Dlightbox%26settings%3DeyJpZCI6MTE2MTksInVybCI6Imh0dHBzOlwvXC9hZXJvcHVlcnRvYWxpY2FudGVwYXJraW5nLmNvbVwvd3AtY29udGVudFwvdXBsb2Fkc1wvMjAyNlwvMDFcL1doYXRzQXBwLUltYWdlLTIwMjYtMDEtMzAtYXQtMS4xMi4wNy1BTS0xLmpwZWciLCJzbGlkZXNob3ciOiI5ZTg1NzRmIn0%3D\">\n\t\t\t\t\t<div class=\"e-gallery-image elementor-gallery-item__image\" data-thumbnail=\"https:\/\/aeropuertoalicanteparking.com\/wp-content\/uploads\/2026\/01\/WhatsApp-Image-2026-01-30-at-1.12.07-AM-1.jpeg\" data-width=\"2048\" data-height=\"1536\" aria-label=\"Alicante Airport parking facility Park-King\" role=\"img\" ><\/div>\n\t\t\t\t\t\t\t\t\t\t\t<div class=\"elementor-gallery-item__overlay\"><\/div>\n\t\t\t\t\t\t\t\t\t\t\t\t\t\t<\/a>\n\t\t\t\t\t\t\t<a class=\"e-gallery-item elementor-gallery-item elementor-animated-content\" href=\"https:\/\/aeropuertoalicanteparking.com\/wp-content\/uploads\/2026\/01\/WhatsApp-Image-2026-01-30-at-1.12.14-AM.jpeg\" data-elementor-open-lightbox=\"yes\" data-elementor-lightbox-slideshow=\"9e8574f\" data-elementor-lightbox-title=\"Monitored parking space at Park-King Alicante Aeropuerto\" data-elementor-lightbox-description=\"Monitored parking space at Park-King Alicante Aeropuerto\" data-e-action-hash=\"#elementor-action%3Aaction%3Dlightbox%26settings%3DeyJpZCI6MTE2MjMsInVybCI6Imh0dHBzOlwvXC9hZXJvcHVlcnRvYWxpY2FudGVwYXJraW5nLmNvbVwvd3AtY29udGVudFwvdXBsb2Fkc1wvMjAyNlwvMDFcL1doYXRzQXBwLUltYWdlLTIwMjYtMDEtMzAtYXQtMS4xMi4xNC1BTS5qcGVnIiwic2xpZGVzaG93IjoiOWU4NTc0ZiJ9\">\n\t\t\t\t\t<div class=\"e-gallery-image elementor-gallery-item__image\" data-thumbnail=\"https:\/\/aeropuertoalicanteparking.com\/wp-content\/uploads\/2026\/01\/WhatsApp-Image-2026-01-30-at-1.12.14-AM.jpeg\" data-width=\"1536\" data-height=\"2048\" aria-label=\"Monitored parking space at Park-King Alicante Aeropuerto\" role=\"img\" ><\/div>\n\t\t\t\t\t\t\t\t\t\t\t<div class=\"elementor-gallery-item__overlay\"><\/div>\n\t\t\t\t\t\t\t\t\t\t\t\t\t\t<\/a>\n\t\t\t\t\t\t\t<a class=\"e-gallery-item elementor-gallery-item elementor-animated-content\" href=\"https:\/\/aeropuertoalicanteparking.com\/wp-content\/uploads\/2026\/01\/WhatsApp-Image-2026-01-30-at-1.12.07-AM.jpeg\" data-elementor-open-lightbox=\"yes\" data-elementor-lightbox-slideshow=\"9e8574f\" data-elementor-lightbox-title=\"Airport parking area with parked cars in Alicante\" data-elementor-lightbox-description=\"Airport parking area with parked cars in Alicante\" data-e-action-hash=\"#elementor-action%3Aaction%3Dlightbox%26settings%3DeyJpZCI6MTE2MTgsInVybCI6Imh0dHBzOlwvXC9hZXJvcHVlcnRvYWxpY2FudGVwYXJraW5nLmNvbVwvd3AtY29udGVudFwvdXBsb2Fkc1wvMjAyNlwvMDFcL1doYXRzQXBwLUltYWdlLTIwMjYtMDEtMzAtYXQtMS4xMi4wNy1BTS5qcGVnIiwic2xpZGVzaG93IjoiOWU4NTc0ZiJ9\">\n\t\t\t\t\t<div class=\"e-gallery-image elementor-gallery-item__image\" data-thumbnail=\"https:\/\/aeropuertoalicanteparking.com\/wp-content\/uploads\/2026\/01\/WhatsApp-Image-2026-01-30-at-1.12.07-AM.jpeg\" data-width=\"2048\" data-height=\"1536\" aria-label=\"Airport parking area with parked cars in Alicante\" role=\"img\" ><\/div>\n\t\t\t\t\t\t\t\t\t\t\t<div class=\"elementor-gallery-item__overlay\"><\/div>\n\t\t\t\t\t\t\t\t\t\t\t\t\t\t<\/a>\n\t\t\t\t\t\t\t<a class=\"e-gallery-item elementor-gallery-item elementor-animated-content\" href=\"https:\/\/aeropuertoalicanteparking.com\/wp-content\/uploads\/2026\/01\/WhatsApp-Image-2026-01-30-at-1.12.31-AM.jpeg\" data-elementor-open-lightbox=\"yes\" data-elementor-lightbox-slideshow=\"9e8574f\" data-elementor-lightbox-title=\"Shuttle parking at Park-King Alicante Aeropuerto facility\" data-elementor-lightbox-description=\"Shuttle parking at Park-King Alicante Aeropuerto facility\" data-e-action-hash=\"#elementor-action%3Aaction%3Dlightbox%26settings%3DeyJpZCI6MTE2MjYsInVybCI6Imh0dHBzOlwvXC9hZXJvcHVlcnRvYWxpY2FudGVwYXJraW5nLmNvbVwvd3AtY29udGVudFwvdXBsb2Fkc1wvMjAyNlwvMDFcL1doYXRzQXBwLUltYWdlLTIwMjYtMDEtMzAtYXQtMS4xMi4zMS1BTS5qcGVnIiwic2xpZGVzaG93IjoiOWU4NTc0ZiJ9\">\n\t\t\t\t\t<div class=\"e-gallery-image elementor-gallery-item__image\" data-thumbnail=\"https:\/\/aeropuertoalicanteparking.com\/wp-content\/uploads\/2026\/01\/WhatsApp-Image-2026-01-30-at-1.12.31-AM.jpeg\" data-width=\"2048\" data-height=\"1536\" aria-label=\"Shuttle parking at Park-King Alicante Aeropuerto facility\" role=\"img\" ><\/div>\n\t\t\t\t\t\t\t\t\t\t\t<div class=\"elementor-gallery-item__overlay\"><\/div>\n\t\t\t\t\t\t\t\t\t\t\t\t\t\t<\/a>\n\t\t\t\t\t\t\t<a class=\"e-gallery-item elementor-gallery-item elementor-animated-content\" href=\"https:\/\/aeropuertoalicanteparking.com\/wp-content\/uploads\/2026\/01\/WhatsApp-Image-2026-01-30-at-1.12.31-AM-1.jpeg\" data-elementor-open-lightbox=\"yes\" data-elementor-lightbox-slideshow=\"9e8574f\" data-elementor-lightbox-title=\"Shuttle parking at Park-King Alicante Aeropuerto facility 2\" data-elementor-lightbox-description=\"Shuttle parking at Park-King Alicante Aeropuerto facility 2\" data-e-action-hash=\"#elementor-action%3Aaction%3Dlightbox%26settings%3DeyJpZCI6MTE2MjQsInVybCI6Imh0dHBzOlwvXC9hZXJvcHVlcnRvYWxpY2FudGVwYXJraW5nLmNvbVwvd3AtY29udGVudFwvdXBsb2Fkc1wvMjAyNlwvMDFcL1doYXRzQXBwLUltYWdlLTIwMjYtMDEtMzAtYXQtMS4xMi4zMS1BTS0xLmpwZWciLCJzbGlkZXNob3ciOiI5ZTg1NzRmIn0%3D\">\n\t\t\t\t\t<div class=\"e-gallery-image elementor-gallery-item__image\" data-thumbnail=\"https:\/\/aeropuertoalicanteparking.com\/wp-content\/uploads\/2026\/01\/WhatsApp-Image-2026-01-30-at-1.12.31-AM-1.jpeg\" data-width=\"1536\" data-height=\"2048\" aria-label=\"Shuttle parking at Park-King Alicante Aeropuerto facility 2\" role=\"img\" ><\/div>\n\t\t\t\t\t\t\t\t\t\t\t<div class=\"elementor-gallery-item__overlay\"><\/div>\n\t\t\t\t\t\t\t\t\t\t\t\t\t\t<\/a>\n\t\t\t\t\t<\/div>\n\t\t\t\t\t<\/div>\n\t\t\t\t<\/div>\n\t\t<div class=\"elementor-element elementor-element-5d7dd35 e-flex e-con-boxed e-con e-parent\" data-id=\"5d7dd35\" data-element_type=\"container\" data-e-type=\"container\" data-settings=\"{&quot;background_background&quot;:&quot;classic&quot;}\">\n\t\t\t\t\t<div class=\"e-con-inner\">\n\t\t\t\t<div class=\"elementor-element elementor-element-4f1627f elementor-widget elementor-widget-heading\" data-id=\"4f1627f\" data-element_type=\"widget\" data-e-type=\"widget\" data-widget_type=\"heading.default\">\n\t\t\t\t\t<h2 class=\"elementor-heading-title elementor-size-default\">Get to know our facilities before booking<\/h2>\t\t\t\t<\/div>\n\t\t\t\t<div class=\"elementor-element elementor-element-88ead60 elementor-align-center elementor-widget elementor-widget-button\" data-id=\"88ead60\" data-element_type=\"widget\" data-e-type=\"widget\" data-widget_type=\"button.default\">\n\t\t\t\t\t\t\t\t\t\t<a class=\"elementor-button elementor-button-link elementor-size-sm\" href=\"https:\/\/aeropuertoalicanteparking.com\/en\/how-to-find-us\/\">\n\t\t\t\t\t\t<span class=\"elementor-button-content-wrapper\">\n\t\t\t\t\t\t\t\t\t<span class=\"elementor-button-text\">See our parking lot<\/span>\n\t\t\t\t\t<\/span>\n\t\t\t\t\t<\/a>\n\t\t\t\t\t\t\t\t<\/div>\n\t\t\t\t\t<\/div>\n\t\t\t\t<\/div>\n\t\t\t\t<\/div>","protected":false},"excerpt":{"rendered":"<p>Galer\u00eda de estacionamiento Home Aparcamiento seguro cerca del Aeropuerto de Alicante Bienvenido a la galer\u00eda de aparcamientos de Park-King Alicante Aeropuerto. Aqu\u00ed puede ver im\u00e1genes [&hellip;]<\/p>\n","protected":false},"author":4,"featured_media":0,"parent":0,"menu_order":0,"comment_status":"closed","ping_status":"closed","template":"elementor_header_footer","meta":{"footnotes":""},"class_list":["post-11608","page","type-page","status-publish","hentry"],"_links":{"self":[{"href":"https:\/\/aeropuertoalicanteparking.com\/en\/wp-json\/wp\/v2\/pages\/11608","targetHints":{"allow":["GET"]}}],"collection":[{"href":"https:\/\/aeropuertoalicanteparking.com\/en\/wp-json\/wp\/v2\/pages"}],"about":[{"href":"https:\/\/aeropuertoalicanteparking.com\/en\/wp-json\/wp\/v2\/types\/page"}],"author":[{"embeddable":true,"href":"https:\/\/aeropuertoalicanteparking.com\/en\/wp-json\/wp\/v2\/users\/4"}],"replies":[{"embeddable":true,"href":"https:\/\/aeropuertoalicanteparking.com\/en\/wp-json\/wp\/v2\/comments?post=11608"}],"version-history":[{"count":33,"href":"https:\/\/aeropuertoalicanteparking.com\/en\/wp-json\/wp\/v2\/pages\/11608\/revisions"}],"predecessor-version":[{"id":12244,"href":"https:\/\/aeropuertoalicanteparking.com\/en\/wp-json\/wp\/v2\/pages\/11608\/revisions\/12244"}],"wp:attachment":[{"href":"https:\/\/aeropuertoalicanteparking.com\/en\/wp-json\/wp\/v2\/media?parent=11608"}],"curies":[{"name":"wp","href":"https:\/\/api.w.org\/{rel}","templated":true}]}}